{"id":31975,"date":"2021-07-29T01:56:18","date_gmt":"2021-07-28T23:56:18","guid":{"rendered":"https:\/\/bodyhealthcenter.de\/?page_id=31975"},"modified":"2022-06-14T11:06:29","modified_gmt":"2022-06-14T09:06:29","slug":"%d1%83%d1%81%d0%bb%d0%be%d0%b2%d0%b8%d1%8f","status":"publish","type":"page","link":"https:\/\/bodyhealthcenter.de\/ru\/%d1%83%d1%81%d0%bb%d0%be%d0%b2%d0%b8%d1%8f\/","title":{"rendered":"\u0423\u0441\u043b\u043e\u0432\u0438\u044f"},"content":{"rendered":"\t\t<div data-elementor-type=\"wp-page\" data-elementor-id=\"31975\" class=\"elementor elementor-31975 elementor-15676\" data-elementor-post-type=\"page\">\n\t\t\t\t\t\t<section class=\"has_ae_slider elementor-section elementor-top-section elementor-element elementor-element-67d0570 elementor-section-full_width elementor-section-height-default elementor-section-height-default ae-bg-gallery-type-default\" data-id=\"67d0570\" data-element_type=\"section\" data-e-type=\"section\">\n\t\t\t\t\t\t<div class=\"elementor-container elementor-column-gap-no\">\n\t\t\t\t\t<div class=\"has_ae_slider elementor-column elementor-col-100 elementor-top-column elementor-element elementor-element-3349dae ae-bg-gallery-type-default\" data-id=\"3349dae\" data-element_type=\"column\" data-e-type=\"column\">\n\t\t\t<div class=\"elementor-widget-wrap elementor-element-populated\">\n\t\t\t\t\t\t<div class=\"elementor-element elementor-element-2f87179 elementor-widget elementor-widget-template\" data-id=\"2f87179\" data-element_type=\"widget\" data-e-type=\"widget\" data-widget_type=\"template.default\">\n\t\t\t\t<div class=\"elementor-widget-container\">\n\t\t\t\t\t\t\t<div class=\"elementor-template\">\n\t\t\t\t\t<div data-elementor-type=\"section\" data-elementor-id=\"17854\" class=\"elementor elementor-17854\" data-elementor-post-type=\"elementor_library\">\n\t\t\t\t\t<section class=\"has_ae_slider elementor-section elementor-top-section elementor-element elementor-element-93b85c5 elementor-section-full_width elementor-section-height-min-height elementor-section-items-bottom elementor-hidden-desktop elementor-hidden-tablet elementor-hidden-mobile elementor-section-height-default ae-bg-gallery-type-default\" data-id=\"93b85c5\" data-element_type=\"section\" data-e-type=\"section\" data-settings=\"{&quot;background_background&quot;:&quot;classic&quot;}\">\n\t\t\t\t\t\t<div class=\"elementor-container elementor-column-gap-no\">\n\t\t\t\t\t<div class=\"has_ae_slider elementor-column elementor-col-100 elementor-top-column elementor-element elementor-element-e8d5eb9 ae-bg-gallery-type-default\" data-id=\"e8d5eb9\" data-element_type=\"column\" data-e-type=\"column\">\n\t\t\t<div class=\"elementor-widget-wrap elementor-element-populated\">\n\t\t\t\t\t\t<div class=\"elementor-element elementor-element-6dd0f46 elementor-hidden-desktop elementor-hidden-tablet elementor-hidden-mobile elementor-widget elementor-widget-heading\" data-id=\"6dd0f46\" data-element_type=\"widget\" data-e-type=\"widget\" data-widget_type=\"heading.default\">\n\t\t\t\t<div class=\"elementor-widget-container\">\n\t\t\t\t\t<h3 class=\"elementor-heading-title elementor-size-default\">\u0423\u0441\u043b\u043e\u0432\u0438\u044f<\/h3>\t\t\t\t<\/div>\n\t\t\t\t<\/div>\n\t\t\t\t<div class=\"elementor-element elementor-element-4c4af32 elementor-widget-divider--view-line elementor-widget elementor-widget-divider\" data-id=\"4c4af32\" data-element_type=\"widget\" data-e-type=\"widget\" data-widget_type=\"divider.default\">\n\t\t\t\t<div class=\"elementor-widget-container\">\n\t\t\t\t\t\t\t<div class=\"elementor-divider\">\n\t\t\t<span class=\"elementor-divider-separator\">\n\t\t\t\t\t\t<\/span>\n\t\t<\/div>\n\t\t\t\t\t\t<\/div>\n\t\t\t\t<\/div>\n\t\t\t\t\t<\/div>\n\t\t<\/div>\n\t\t\t\t\t<\/div>\n\t\t<\/section>\n\t\t\t\t<section class=\"has_ae_slider elementor-section elementor-top-section elementor-element elementor-element-ed53cb8 elementor-section-full_width elementor-hidden-desktop elementor-hidden-tablet elementor-hidden-mobile elementor-section-height-default elementor-section-height-default ae-bg-gallery-type-default\" data-id=\"ed53cb8\" data-element_type=\"section\" data-e-type=\"section\">\n\t\t\t\t\t\t<div class=\"elementor-container elementor-column-gap-no\">\n\t\t\t\t\t<div class=\"has_ae_slider elementor-column elementor-col-100 elementor-top-column elementor-element elementor-element-6b406fe ae-bg-gallery-type-default\" data-id=\"6b406fe\" data-element_type=\"column\" data-e-type=\"column\">\n\t\t\t<div class=\"elementor-widget-wrap elementor-element-populated\">\n\t\t\t\t\t\t<div class=\"elementor-element elementor-element-3623ebc elementor-widget elementor-widget-ae-breadcrumb\" data-id=\"3623ebc\" data-element_type=\"widget\" data-e-type=\"widget\" data-widget_type=\"ae-breadcrumb.default\">\n\t\t\t\t<div class=\"elementor-widget-container\">\n\t\t\t\t\t<span><span><a href=\"https:\/\/bodyhealthcenter.de\/ru\/\">Startseite<\/a><\/span><\/span>\t\t\t\t<\/div>\n\t\t\t\t<\/div>\n\t\t\t\t\t<\/div>\n\t\t<\/div>\n\t\t\t\t\t<\/div>\n\t\t<\/section>\n\t\t\t\t<\/div>\n\t\t\t\t<\/div>\n\t\t\t\t\t\t<\/div>\n\t\t\t\t<\/div>\n\t\t\t\t<div class=\"elementor-element elementor-element-292836b elementor-widget elementor-widget-template\" data-id=\"292836b\" data-element_type=\"widget\" data-e-type=\"widget\" data-widget_type=\"template.default\">\n\t\t\t\t<div class=\"elementor-widget-container\">\n\t\t\t\t\t\t\t<div class=\"elementor-template\">\n\t\t\t\t\t<div data-elementor-type=\"section\" data-elementor-id=\"17922\" class=\"elementor elementor-17922\" data-elementor-post-type=\"elementor_library\">\n\t\t\t<div class=\"has_ae_slider elementor-element elementor-element-9d161c4 e-con-full e-flex ae-bg-gallery-type-default e-con e-parent\" data-id=\"9d161c4\" data-element_type=\"container\" data-e-type=\"container\">\n\t\t<div class=\"has_ae_slider elementor-element elementor-element-29a14d3 e-con-full e-flex ae-bg-gallery-type-default e-con e-child\" data-id=\"29a14d3\" data-element_type=\"container\" data-e-type=\"container\">\n\t\t<div class=\"has_ae_slider elementor-element elementor-element-7f93763 e-con-full e-flex ae-bg-gallery-type-default e-con e-child\" data-id=\"7f93763\" data-element_type=\"container\" data-e-type=\"container\" data-settings=\"{&quot;background_background&quot;:&quot;classic&quot;}\">\n\t\t\t\t<div class=\"elementor-element elementor-element-5ba6e94 elementor-widget elementor-widget-ae-breadcrumb\" data-id=\"5ba6e94\" data-element_type=\"widget\" data-e-type=\"widget\" data-widget_type=\"ae-breadcrumb.default\">\n\t\t\t\t<div class=\"elementor-widget-container\">\n\t\t\t\t\t<span><span><a href=\"https:\/\/bodyhealthcenter.de\/ru\/\">Startseite<\/a><\/span><\/span>\t\t\t\t<\/div>\n\t\t\t\t<\/div>\n\t\t\t\t<\/div>\n\t\t\t\t<div class=\"elementor-element elementor-element-f561899 elementor-widget elementor-widget-heading\" data-id=\"f561899\" data-element_type=\"widget\" data-e-type=\"widget\" data-widget_type=\"heading.default\">\n\t\t\t\t<div class=\"elementor-widget-container\">\n\t\t\t\t\t<h2 class=\"elementor-heading-title elementor-size-default\">\u0423\u0441\u043b\u043e\u0432\u0438\u044f<\/h2>\t\t\t\t<\/div>\n\t\t\t\t<\/div>\n\t\t\t\t<div class=\"elementor-element elementor-element-abfcfbc elementor-widget elementor-widget-text-editor\" data-id=\"abfcfbc\" data-element_type=\"widget\" data-e-type=\"widget\" data-widget_type=\"text-editor.default\">\n\t\t\t\t<div class=\"elementor-widget-container\">\n\t\t\t\t\t\t\t\t\t<p>f\u00fcr die Physiotherapiepraxis Body Health Rehazentrum GmbH in der Kleiststra\u00dfe 23-26 in 10787 Berlin.<\/p>\n<h4><strong><u>Therapievereinbarung\/\u00adBehandlungsvertrag<\/u><\/strong><\/h4>\n<p>&nbsp;<\/p>\n<ol>\n<li>\n<h4>\u00c4rztliche Verordnung<\/h4>\n<p>F\u00fcr Ihre Behandlung in der Body Health Rehazentrum GmbH ben\u00f6tigen Sie eine \u00e4rztliche Verordnung, sofern Sie die Behandlung nicht als Privatperson auf Selbstzahlerbasis in Anspruch nehmen m\u00f6chten.<br \/>\nEine Verordnung erhalten Sie vom Arzt Ihres Vertrauens, der zur Ausstellung dieser Verordnung berechtigt ist. Die Verordnung muss neben pers\u00f6nlichen Daten<br \/>\n\u2013 eine medizinische Diagnose<br \/>\n\u2013 die Anzahl der Behandlungseinheiten und<br \/>\n\u2013 die verordnete Behandlung<br \/>\nbeinhalten.<\/li>\n<li>\n<h4>Behandlungskosten<\/h4>\n<p>Die Kosten der Behandlung bemessen sich nach einer Kombination aus Einzelleistung, ben\u00f6tigter \u00a0Zeit und eventuell f\u00fcr die Behandlung ben\u00f6tigtem Material und werden bei Ihrem ersten Behandlungstermin bekannt gegeben.<br \/>\nDie Body Health Rehazentrum GmbH stellt Ihnen bei Ende der Behandlung (bzw. Behandlungssitzungen der \u00e4rztlichen Verordnung) eine Rechnung \u00fcber die Gesamtkosten der Zuzahlung der Behandlungssitzungen aus.<br \/>\nSelbstzahler erhalten eine Rechnung Ihrer in Anspruch genommenen Leistungen.<br \/>\nDie Body Health Rehazentrum GmbH hat keinen Vertrag mit Ihrem Krankenversicherungstr\u00e4ger. Sie begleichen die Kosten mit Ihrem Rezept, nebst der gesetzlichen Zuzahlung oder Sie tragen die Kosten als Selbstzahler.<\/li>\n<li>\n<h4>Befunde<\/h4>\n<p>Eine fachgerechte Behandlung erfordert eine ausf\u00fchrliche Erstbegutachtung. Dabei ist Ihr Physiotherapeut (m\/w\/d) auf Ihre Mithilfe angewiesen. Daher werden Sie gebeten, zum ersten Termin alle relevanten Befunde mitzubringen.<\/li>\n<\/ol>\n<ol start=\"4\">\n<li>\n<h4>Therapiesitzungen<\/h4>\n<p>Ihr Physiotherapeut (m\/w\/d) steht f\u00fcr die Dauer der Behandlung ausschlie\u00dflich Ihnen zur Verf\u00fcgung und ist Ansprechpartner bei organisatorischen und fachlichen Fragen der Behandlung.<br \/>\nIm Rahmen des Erstgespr\u00e4chs werden Behandlungsziel und \u2013ma\u00dfnahmen besprochen und vereinbart. Eine erfolgreiche Behandlung setzt voraus, dass Sie Ihrem Physiotherapeut (m\/w\/d) Auskunft geben \u00fcber Ihren Gesundheitszustand und die mit den aktuellen Beschwerden in Zusammenhang stehenden sowie bisher vorgenommenen Untersuchungen und Behandlungen.<br \/>\nZur Erreichung des bestm\u00f6glichen Behandlungserfolges ist dabei Ihre Mithilfe unentbehrlich. Mithilfe kann bedeuten, bestimmte Handlungsanleitungen zu befolgen, erlernte \u00dcbungen zu wiederholen oder gewisse Handlungen zu unterlassen.<\/li>\n<\/ol>\n<ol start=\"5\">\n<li>\n<h4>Grunds\u00e4tze der Behandlung<\/h4>\n<p>Die Behandlung erfolgt in \u00dcbereinstimmung mit den einschl\u00e4gigen gesetzlichen Bestimmungen, insbesondere dem Bundesgesetz \u00fcber die Regelung der gehobenen medizinisch-technischen Dienste in der geltenden Fassung. (MTD-Gesetz)<br \/>\nIhr Physiotherapeut (m\/w\/d) unterbreitet Ihnen auf der Grundlage der \u00e4rztlichen Verordnung und der Erstbegutachtung einen Behandlungsvorschlag. Es obliegt Ihnen dieses Angebot anzunehmen oder Anpassungen mit Ihrem Physiotherapeuten (m\/w\/d) abzusprechen.<br \/>\nAlle Informationen, die Sie Ihrem Physiotherapeuten (m\/w\/d) geben, unterliegen der absoluten Verschwiegenheitspflicht. Diese Informationen werden nicht weitergegeben. Sollte sich eine Informationsweitergabe aus medizinisch-therapeutischen Gr\u00fcnden als sinnvoll und notwendig erweisen, wird sich Ihr Physiotherapeut (m\/w\/d) mit Ihnen dar\u00fcber beraten. Dasselbe gilt f\u00fcr die aus gesetzlichen Gr\u00fcnden verpflichtende Dokumentation.<\/li>\n<\/ol>\n<ol start=\"6\">\n<li>\n<h4>Terminabsagen<\/h4>\n<p>K\u00f6nnen Sie einen vereinbarten Behandlungstermin nicht wahrnehmen, werden Sie ersucht, dies unverz\u00fcglich-sp\u00e4testens aber Werktags 48 Stunden vor dem vereinbarten mitzuteilen.<br \/>\nAndernfalls beh\u00e4lt sich die Body Health Rehazentrum GmbH das Recht vor, den nicht wahrgenommenen Termin in der H\u00f6he jener Kosten, die Sie auch bei durchgef\u00fchrter Behandlung zu zahlen gehabt h\u00e4tten, in Rechnung zu stellen.<br \/>\nDiese Kosten k\u00f6nnen nicht beim Krankenversicherungstr\u00e4ger geltend gemacht werden.<\/li>\n<\/ol>\n<ol start=\"7\">\n<li>\n<h4>Gerichtsvereinbarung<\/h4>\n<p>Ausschlie\u00dflicher Gerichtsstand f\u00fcr alle sich aus und im Zusammenhang mit dem auf der Grundlage dieser Allgemeinen Gesch\u00e4ftsbedingungen abgeschlossenen Behandlungsvertrag ergebenden Streitigkeiten ist das sachlich zust\u00e4ndige Gericht f\u00fcr den Berufssitz in Berlin. Auf das Vertragsverh\u00e4ltnis kommt ausschlie\u00dflich deutsches Recht zur Anwendung.<\/li>\n<\/ol>\n\t\t\t\t\t\t\t\t<\/div>\n\t\t\t\t<\/div>\n\t\t\t\t<\/div>\n\t\t\t\t<\/div>\n\t\t\t\t<\/div>\n\t\t\t\t<\/div>\n\t\t\t\t\t\t<\/div>\n\t\t\t\t<\/div>\n\t\t\t\t\t<\/div>\n\t\t<\/div>\n\t\t\t\t\t<\/div>\n\t\t<\/section>\n\t\t\t\t<\/div>\n\t\t","protected":false},"excerpt":{"rendered":"","protected":false},"author":1,"featured_media":0,"parent":0,"menu_order":0,"comment_status":"closed","ping_status":"closed","template":"","meta":{"_acf_changed":false,"footnotes":""},"categories":[],"class_list":["post-31975","page","type-page","status-publish","hentry"],"acf":[],"yoast_head":"<!-- This site is optimized with the Yoast SEO plugin v27.2 - https:\/\/yoast.com\/product\/yoast-seo-wordpress\/ -->\n<title>\u0423\u0441\u043b\u043e\u0432\u0438\u044f - Body Health Center<\/title>\n<meta name=\"robots\" content=\"index, follow, max-snippet:-1, max-image-preview:large, max-video-preview:-1\" \/>\n<link rel=\"canonical\" href=\"https:\/\/bodyhealthcenter.de\/ru\/%d1%83%d1%81%d0%bb%d0%be%d0%b2%d0%b8%d1%8f\/\" \/>\n<meta property=\"og:locale\" content=\"ru_RU\" \/>\n<meta property=\"og:type\" content=\"article\" \/>\n<meta property=\"og:title\" content=\"\u0423\u0441\u043b\u043e\u0432\u0438\u044f - Body Health Center\" \/>\n<meta property=\"og:url\" content=\"https:\/\/bodyhealthcenter.de\/ru\/%d1%83%d1%81%d0%bb%d0%be%d0%b2%d0%b8%d1%8f\/\" \/>\n<meta property=\"og:site_name\" content=\"Body Health Center\" \/>\n<meta property=\"article:publisher\" content=\"https:\/\/www.facebook.com\/bodyhealthcenterberlin\/\" \/>\n<meta property=\"article:modified_time\" content=\"2022-06-14T09:06:29+00:00\" \/>\n<meta property=\"og:image\" content=\"https:\/\/bodyhealthcenter.de\/wp-content\/uploads\/2022\/05\/bhc_physiotherapie_empfang2_1500.jpg\" \/>\n\t<meta property=\"og:image:width\" content=\"1500\" \/>\n\t<meta property=\"og:image:height\" content=\"999\" \/>\n\t<meta property=\"og:image:type\" content=\"image\/jpeg\" \/>\n<meta name=\"twitter:card\" content=\"summary_large_image\" \/>\n<script type=\"application\/ld+json\" class=\"yoast-schema-graph\">{\"@context\":\"https:\/\/schema.org\",\"@graph\":[{\"@type\":\"WebPage\",\"@id\":\"https:\/\/bodyhealthcenter.de\/ru\/%d1%83%d1%81%d0%bb%d0%be%d0%b2%d0%b8%d1%8f\/\",\"url\":\"https:\/\/bodyhealthcenter.de\/ru\/%d1%83%d1%81%d0%bb%d0%be%d0%b2%d0%b8%d1%8f\/\",\"name\":\"\u0423\u0441\u043b\u043e\u0432\u0438\u044f - Body Health Center\",\"isPartOf\":{\"@id\":\"https:\/\/bodyhealthcenter.de\/ru\/#website\"},\"datePublished\":\"2021-07-28T23:56:18+00:00\",\"dateModified\":\"2022-06-14T09:06:29+00:00\",\"breadcrumb\":{\"@id\":\"https:\/\/bodyhealthcenter.de\/ru\/%d1%83%d1%81%d0%bb%d0%be%d0%b2%d0%b8%d1%8f\/#breadcrumb\"},\"inLanguage\":\"ru-RU\",\"potentialAction\":[{\"@type\":\"ReadAction\",\"target\":[\"https:\/\/bodyhealthcenter.de\/ru\/%d1%83%d1%81%d0%bb%d0%be%d0%b2%d0%b8%d1%8f\/\"]}]},{\"@type\":\"BreadcrumbList\",\"@id\":\"https:\/\/bodyhealthcenter.de\/ru\/%d1%83%d1%81%d0%bb%d0%be%d0%b2%d0%b8%d1%8f\/#breadcrumb\",\"itemListElement\":[{\"@type\":\"ListItem\",\"position\":1,\"name\":\"Startseite\",\"item\":\"https:\/\/bodyhealthcenter.de\/ru\/\"},{\"@type\":\"ListItem\",\"position\":2,\"name\":\"\u0423\u0441\u043b\u043e\u0432\u0438\u044f\"}]},{\"@type\":\"WebSite\",\"@id\":\"https:\/\/bodyhealthcenter.de\/ru\/#website\",\"url\":\"https:\/\/bodyhealthcenter.de\/ru\/\",\"name\":\"Body Health Center\",\"description\":\"Ihr Center f\u00fcr Physiotherapie und Rehasport am Wittenbergplatz Berlin.\",\"publisher\":{\"@id\":\"https:\/\/bodyhealthcenter.de\/ru\/#organization\"},\"potentialAction\":[{\"@type\":\"SearchAction\",\"target\":{\"@type\":\"EntryPoint\",\"urlTemplate\":\"https:\/\/bodyhealthcenter.de\/ru\/?s={search_term_string}\"},\"query-input\":{\"@type\":\"PropertyValueSpecification\",\"valueRequired\":true,\"valueName\":\"search_term_string\"}}],\"inLanguage\":\"ru-RU\"},{\"@type\":\"Organization\",\"@id\":\"https:\/\/bodyhealthcenter.de\/ru\/#organization\",\"name\":\"Body Health Center\",\"url\":\"https:\/\/bodyhealthcenter.de\/ru\/\",\"logo\":{\"@type\":\"ImageObject\",\"inLanguage\":\"ru-RU\",\"@id\":\"https:\/\/bodyhealthcenter.de\/ru\/#\/schema\/logo\/image\/\",\"url\":\"https:\/\/bodyhealthcenter.de\/wp-content\/uploads\/2021\/04\/BHC-Logo-CMYK.svg\",\"contentUrl\":\"https:\/\/bodyhealthcenter.de\/wp-content\/uploads\/2021\/04\/BHC-Logo-CMYK.svg\",\"width\":436,\"height\":437,\"caption\":\"Body Health Center\"},\"image\":{\"@id\":\"https:\/\/bodyhealthcenter.de\/ru\/#\/schema\/logo\/image\/\"},\"sameAs\":[\"https:\/\/www.facebook.com\/bodyhealthcenterberlin\/\",\"https:\/\/www.instagram.com\/body_health_center_berlin\/\",\"https:\/\/www.linkedin.com\/company\/body-health-center-berlin\/\",\"https:\/\/www.youtube.com\/channel\/UCJXldnF5kLXyCYiJ4w2zmIg\"]}]}<\/script>\n<!-- \/ Yoast SEO plugin. -->","yoast_head_json":{"title":"\u0423\u0441\u043b\u043e\u0432\u0438\u044f - Body Health Center","robots":{"index":"index","follow":"follow","max-snippet":"max-snippet:-1","max-image-preview":"max-image-preview:large","max-video-preview":"max-video-preview:-1"},"canonical":"https:\/\/bodyhealthcenter.de\/ru\/%d1%83%d1%81%d0%bb%d0%be%d0%b2%d0%b8%d1%8f\/","og_locale":"ru_RU","og_type":"article","og_title":"\u0423\u0441\u043b\u043e\u0432\u0438\u044f - Body Health Center","og_url":"https:\/\/bodyhealthcenter.de\/ru\/%d1%83%d1%81%d0%bb%d0%be%d0%b2%d0%b8%d1%8f\/","og_site_name":"Body Health Center","article_publisher":"https:\/\/www.facebook.com\/bodyhealthcenterberlin\/","article_modified_time":"2022-06-14T09:06:29+00:00","og_image":[{"width":1500,"height":999,"url":"https:\/\/bodyhealthcenter.de\/wp-content\/uploads\/2022\/05\/bhc_physiotherapie_empfang2_1500.jpg","type":"image\/jpeg"}],"twitter_card":"summary_large_image","schema":{"@context":"https:\/\/schema.org","@graph":[{"@type":"WebPage","@id":"https:\/\/bodyhealthcenter.de\/ru\/%d1%83%d1%81%d0%bb%d0%be%d0%b2%d0%b8%d1%8f\/","url":"https:\/\/bodyhealthcenter.de\/ru\/%d1%83%d1%81%d0%bb%d0%be%d0%b2%d0%b8%d1%8f\/","name":"\u0423\u0441\u043b\u043e\u0432\u0438\u044f - Body Health Center","isPartOf":{"@id":"https:\/\/bodyhealthcenter.de\/ru\/#website"},"datePublished":"2021-07-28T23:56:18+00:00","dateModified":"2022-06-14T09:06:29+00:00","breadcrumb":{"@id":"https:\/\/bodyhealthcenter.de\/ru\/%d1%83%d1%81%d0%bb%d0%be%d0%b2%d0%b8%d1%8f\/#breadcrumb"},"inLanguage":"ru-RU","potentialAction":[{"@type":"ReadAction","target":["https:\/\/bodyhealthcenter.de\/ru\/%d1%83%d1%81%d0%bb%d0%be%d0%b2%d0%b8%d1%8f\/"]}]},{"@type":"BreadcrumbList","@id":"https:\/\/bodyhealthcenter.de\/ru\/%d1%83%d1%81%d0%bb%d0%be%d0%b2%d0%b8%d1%8f\/#breadcrumb","itemListElement":[{"@type":"ListItem","position":1,"name":"Startseite","item":"https:\/\/bodyhealthcenter.de\/ru\/"},{"@type":"ListItem","position":2,"name":"\u0423\u0441\u043b\u043e\u0432\u0438\u044f"}]},{"@type":"WebSite","@id":"https:\/\/bodyhealthcenter.de\/ru\/#website","url":"https:\/\/bodyhealthcenter.de\/ru\/","name":"Body Health Center","description":"Ihr Center f\u00fcr Physiotherapie und Rehasport am Wittenbergplatz Berlin.","publisher":{"@id":"https:\/\/bodyhealthcenter.de\/ru\/#organization"},"potentialAction":[{"@type":"SearchAction","target":{"@type":"EntryPoint","urlTemplate":"https:\/\/bodyhealthcenter.de\/ru\/?s={search_term_string}"},"query-input":{"@type":"PropertyValueSpecification","valueRequired":true,"valueName":"search_term_string"}}],"inLanguage":"ru-RU"},{"@type":"Organization","@id":"https:\/\/bodyhealthcenter.de\/ru\/#organization","name":"Body Health Center","url":"https:\/\/bodyhealthcenter.de\/ru\/","logo":{"@type":"ImageObject","inLanguage":"ru-RU","@id":"https:\/\/bodyhealthcenter.de\/ru\/#\/schema\/logo\/image\/","url":"https:\/\/bodyhealthcenter.de\/wp-content\/uploads\/2021\/04\/BHC-Logo-CMYK.svg","contentUrl":"https:\/\/bodyhealthcenter.de\/wp-content\/uploads\/2021\/04\/BHC-Logo-CMYK.svg","width":436,"height":437,"caption":"Body Health Center"},"image":{"@id":"https:\/\/bodyhealthcenter.de\/ru\/#\/schema\/logo\/image\/"},"sameAs":["https:\/\/www.facebook.com\/bodyhealthcenterberlin\/","https:\/\/www.instagram.com\/body_health_center_berlin\/","https:\/\/www.linkedin.com\/company\/body-health-center-berlin\/","https:\/\/www.youtube.com\/channel\/UCJXldnF5kLXyCYiJ4w2zmIg"]}]}},"_links":{"self":[{"href":"https:\/\/bodyhealthcenter.de\/ru\/wp-json\/wp\/v2\/pages\/31975","targetHints":{"allow":["GET"]}}],"collection":[{"href":"https:\/\/bodyhealthcenter.de\/ru\/wp-json\/wp\/v2\/pages"}],"about":[{"href":"https:\/\/bodyhealthcenter.de\/ru\/wp-json\/wp\/v2\/types\/page"}],"author":[{"embeddable":true,"href":"https:\/\/bodyhealthcenter.de\/ru\/wp-json\/wp\/v2\/users\/1"}],"replies":[{"embeddable":true,"href":"https:\/\/bodyhealthcenter.de\/ru\/wp-json\/wp\/v2\/comments?post=31975"}],"version-history":[{"count":0,"href":"https:\/\/bodyhealthcenter.de\/ru\/wp-json\/wp\/v2\/pages\/31975\/revisions"}],"wp:attachment":[{"href":"https:\/\/bodyhealthcenter.de\/ru\/wp-json\/wp\/v2\/media?parent=31975"}],"wp:term":[{"taxonomy":"category","embeddable":true,"href":"https:\/\/bodyhealthcenter.de\/ru\/wp-json\/wp\/v2\/categories?post=31975"}],"curies":[{"name":"wp","href":"https:\/\/api.w.org\/{rel}","templated":true}]}}