{"id":30614,"date":"2021-04-14T20:55:54","date_gmt":"2021-04-14T18:55:54","guid":{"rendered":"https:\/\/bodyhealthcenter.de\/?page_id=30614"},"modified":"2022-05-27T15:44:29","modified_gmt":"2022-05-27T13:44:29","slug":"%d8%a8%d8%b5%d9%85%d8%a9","status":"publish","type":"page","link":"https:\/\/bodyhealthcenter.de\/ar\/%d8%a8%d8%b5%d9%85%d8%a9\/","title":{"rendered":"\u0628\u0635\u0645\u0629"},"content":{"rendered":"\t\t<div data-elementor-type=\"wp-page\" data-elementor-id=\"30614\" class=\"elementor elementor-30614 elementor-6907\" data-elementor-post-type=\"page\">\n\t\t\t\t\t\t<section class=\"has_ae_slider elementor-section elementor-top-section elementor-element elementor-element-8010cdd elementor-section-full_width elementor-section-height-default elementor-section-height-default ae-bg-gallery-type-default\" data-id=\"8010cdd\" data-element_type=\"section\" data-e-type=\"section\">\n\t\t\t\t\t\t<div class=\"elementor-container elementor-column-gap-no\">\n\t\t\t\t\t<div class=\"has_ae_slider elementor-column elementor-col-100 elementor-top-column elementor-element elementor-element-b106118 ae-bg-gallery-type-default\" data-id=\"b106118\" data-element_type=\"column\" data-e-type=\"column\">\n\t\t\t<div class=\"elementor-widget-wrap elementor-element-populated\">\n\t\t\t\t\t\t<div class=\"elementor-element elementor-element-a846bd9 elementor-widget elementor-widget-template\" data-id=\"a846bd9\" data-element_type=\"widget\" data-e-type=\"widget\" data-widget_type=\"template.default\">\n\t\t\t\t<div class=\"elementor-widget-container\">\n\t\t\t\t\t\t\t<div class=\"elementor-template\">\n\t\t\t\t\t<div data-elementor-type=\"section\" data-elementor-id=\"17854\" class=\"elementor elementor-17854\" data-elementor-post-type=\"elementor_library\">\n\t\t\t\t\t<section class=\"has_ae_slider elementor-section elementor-top-section elementor-element elementor-element-93b85c5 elementor-section-full_width elementor-section-height-min-height elementor-section-items-bottom elementor-hidden-desktop elementor-hidden-tablet elementor-hidden-mobile elementor-section-height-default ae-bg-gallery-type-default\" data-id=\"93b85c5\" data-element_type=\"section\" data-e-type=\"section\" data-settings=\"{&quot;background_background&quot;:&quot;classic&quot;}\">\n\t\t\t\t\t\t<div class=\"elementor-container elementor-column-gap-no\">\n\t\t\t\t\t<div class=\"has_ae_slider elementor-column elementor-col-100 elementor-top-column elementor-element elementor-element-e8d5eb9 ae-bg-gallery-type-default\" data-id=\"e8d5eb9\" data-element_type=\"column\" data-e-type=\"column\">\n\t\t\t<div class=\"elementor-widget-wrap elementor-element-populated\">\n\t\t\t\t\t\t<div class=\"elementor-element elementor-element-6dd0f46 elementor-hidden-desktop elementor-hidden-tablet elementor-hidden-mobile elementor-widget elementor-widget-heading\" data-id=\"6dd0f46\" data-element_type=\"widget\" data-e-type=\"widget\" data-widget_type=\"heading.default\">\n\t\t\t\t<div class=\"elementor-widget-container\">\n\t\t\t\t\t<h3 class=\"elementor-heading-title elementor-size-default\">\u0628\u0635\u0645\u0629<\/h3>\t\t\t\t<\/div>\n\t\t\t\t<\/div>\n\t\t\t\t<div class=\"elementor-element elementor-element-4c4af32 elementor-widget-divider--view-line elementor-widget elementor-widget-divider\" data-id=\"4c4af32\" data-element_type=\"widget\" data-e-type=\"widget\" data-widget_type=\"divider.default\">\n\t\t\t\t<div class=\"elementor-widget-container\">\n\t\t\t\t\t\t\t<div class=\"elementor-divider\">\n\t\t\t<span class=\"elementor-divider-separator\">\n\t\t\t\t\t\t<\/span>\n\t\t<\/div>\n\t\t\t\t\t\t<\/div>\n\t\t\t\t<\/div>\n\t\t\t\t\t<\/div>\n\t\t<\/div>\n\t\t\t\t\t<\/div>\n\t\t<\/section>\n\t\t\t\t<section class=\"has_ae_slider elementor-section elementor-top-section elementor-element elementor-element-ed53cb8 elementor-section-full_width elementor-hidden-desktop elementor-hidden-tablet elementor-hidden-mobile elementor-section-height-default elementor-section-height-default ae-bg-gallery-type-default\" data-id=\"ed53cb8\" data-element_type=\"section\" data-e-type=\"section\">\n\t\t\t\t\t\t<div class=\"elementor-container elementor-column-gap-no\">\n\t\t\t\t\t<div class=\"has_ae_slider elementor-column elementor-col-100 elementor-top-column elementor-element elementor-element-6b406fe ae-bg-gallery-type-default\" data-id=\"6b406fe\" data-element_type=\"column\" data-e-type=\"column\">\n\t\t\t<div class=\"elementor-widget-wrap elementor-element-populated\">\n\t\t\t\t\t\t<div class=\"elementor-element elementor-element-3623ebc elementor-widget elementor-widget-ae-breadcrumb\" data-id=\"3623ebc\" data-element_type=\"widget\" data-e-type=\"widget\" data-widget_type=\"ae-breadcrumb.default\">\n\t\t\t\t<div class=\"elementor-widget-container\">\n\t\t\t\t\t<span><span><a href=\"https:\/\/bodyhealthcenter.de\/ar\/\">Startseite<\/a><\/span><\/span>\t\t\t\t<\/div>\n\t\t\t\t<\/div>\n\t\t\t\t\t<\/div>\n\t\t<\/div>\n\t\t\t\t\t<\/div>\n\t\t<\/section>\n\t\t\t\t<\/div>\n\t\t\t\t<\/div>\n\t\t\t\t\t\t<\/div>\n\t\t\t\t<\/div>\n\t\t\t\t<div class=\"elementor-element elementor-element-653280c elementor-widget elementor-widget-template\" data-id=\"653280c\" data-element_type=\"widget\" data-e-type=\"widget\" data-widget_type=\"template.default\">\n\t\t\t\t<div class=\"elementor-widget-container\">\n\t\t\t\t\t\t\t<div class=\"elementor-template\">\n\t\t\t\t\t<div data-elementor-type=\"section\" data-elementor-id=\"17922\" class=\"elementor elementor-17922\" data-elementor-post-type=\"elementor_library\">\n\t\t\t<div class=\"has_ae_slider elementor-element elementor-element-9d161c4 e-con-full e-flex ae-bg-gallery-type-default e-con e-parent\" data-id=\"9d161c4\" data-element_type=\"container\" data-e-type=\"container\">\n\t\t<div class=\"has_ae_slider elementor-element elementor-element-29a14d3 e-con-full e-flex ae-bg-gallery-type-default e-con e-child\" data-id=\"29a14d3\" data-element_type=\"container\" data-e-type=\"container\">\n\t\t<div class=\"has_ae_slider elementor-element elementor-element-7f93763 e-con-full e-flex ae-bg-gallery-type-default e-con e-child\" data-id=\"7f93763\" data-element_type=\"container\" data-e-type=\"container\" data-settings=\"{&quot;background_background&quot;:&quot;classic&quot;}\">\n\t\t\t\t<div class=\"elementor-element elementor-element-5ba6e94 elementor-widget elementor-widget-ae-breadcrumb\" data-id=\"5ba6e94\" data-element_type=\"widget\" data-e-type=\"widget\" data-widget_type=\"ae-breadcrumb.default\">\n\t\t\t\t<div class=\"elementor-widget-container\">\n\t\t\t\t\t<span><span><a href=\"https:\/\/bodyhealthcenter.de\/ar\/\">Startseite<\/a><\/span><\/span>\t\t\t\t<\/div>\n\t\t\t\t<\/div>\n\t\t\t\t<\/div>\n\t\t\t\t<div class=\"elementor-element elementor-element-f561899 elementor-widget elementor-widget-heading\" data-id=\"f561899\" data-element_type=\"widget\" data-e-type=\"widget\" data-widget_type=\"heading.default\">\n\t\t\t\t<div class=\"elementor-widget-container\">\n\t\t\t\t\t<h2 class=\"elementor-heading-title elementor-size-default\">\u0628\u0635\u0645\u0629<\/h2>\t\t\t\t<\/div>\n\t\t\t\t<\/div>\n\t\t\t\t<div class=\"elementor-element elementor-element-abfcfbc elementor-widget elementor-widget-text-editor\" data-id=\"abfcfbc\" data-element_type=\"widget\" data-e-type=\"widget\" data-widget_type=\"text-editor.default\">\n\t\t\t\t<div class=\"elementor-widget-container\">\n\t\t\t\t\t\t\t\t\t<p>Gesch\u00e4ftsf\u00fchrer: Konstantinos Georgilakis<br \/>\nFachlicher Leiter: Konstantinos Georgilakis<br \/>\nLeitender Physiotherapeut: Christos Lazaridis<br \/>\nVerwaltung: Lula Skoutarianou<br \/>\nAmtsgericht Charlottenburg Berlin, HRB 173162<br \/>\nUmsatzsteuer-ID: DE 304625829<\/p>\n<p>Body Health Rehazentrum GmbH<br \/>\nTelefon: +49 30 23 94 53 72<br \/>\nFax: +49 30 23 94 53 73<br \/>\nKleiststra\u00dfe 23 \u2013 26, 10787 Berlin<br \/>\nE-Mail: info@bodyhealthcenter.de<\/p>\n<p>Bilder: \u00a9 Body Health Rehazentrum GmbH;<br \/>\nUnsplash;\u00a0Adobe Stock<\/p>\n<p>Verweise und Links<br \/>\nBei direkten oder indirekten Verweisen auf fremde Internetseiten (\u201cLinks\u201d), die au\u00dferhalb des Verantwortungsbereiches des Betreibers liegen, w\u00fcrde eine Haftungsverpflichtung ausschlie\u00dflich in dem Fall in Kraft treten, in dem der Betreiber von den Inhalten Kenntnis hat und es ihm technisch m\u00f6glich und zumutbar w\u00e4re, die Nutzung im Falle rechtswidriger Inhalte zu verhindern. Der Betreiber erkl\u00e4rt hiermit ausdr\u00fccklich, dass zum Zeitpunkt der Linksetzung keine illegalen Inhalte auf den zu verlinkenden Seiten erkennbar waren. Auf die aktuelle und zuk\u00fcnftige Gestaltung, die Inhalte oder die Urheberschaft der gelinkten\/verkn\u00fcpften Seiten hat der Betreiber keinerlei Einfluss. Deshalb distanziert er sich hiermit ausdr\u00fccklich von allen Inhalten aller gelinkten\/verkn\u00fcpften Seiten, die nach der Linksetzung ver\u00e4ndert wurden. Diese Feststellung gilt f\u00fcr alle innerhalb des eigenen Internetangebotes gesetzten Links und Verweise sowie f\u00fcr Fremdeintr\u00e4ge in von dem Betreiber eingerichteten G\u00e4steb\u00fcchern, Diskussionsforen und Mailinglisten. F\u00fcr illegale, fehlerhafte oder unvollst\u00e4ndige Inhalte und insbesondere f\u00fcr Sch\u00e4den, die aus der Nutzung oder Nichtnutzung solcherart dargebotener Informationen entstehen, haftet allein der Anbieter der Seite, auf welche verwiesen wurde, nicht derjenige, der \u00fcber Links auf die jeweilige Ver\u00f6ffentlichung lediglich verweist.<\/p>\n<p>Falls Sie vermuten, dass von dieser Website aus eines Ihrer Schutzrechte verletzt wird, teilen Sie das bitte umgehend ohne Ausstellung einer Kostennote mit, damit z\u00fcgig Abhilfe geschaffen werden kann. Die Einschaltung eines Anwaltes oder Abmahnvereins zur Abmahnung eines Webmasters oder Autors einer Internetpr\u00e4sentation entspricht nicht dessen wirklichen oder mutma\u00dflichen Willen. Das Einschalten eines Rechtsanwaltes ist also nicht erforderlich. Ohne vorherige Kontaktaufnahme ausgel\u00f6ste Kosten werden wir vollumf\u00e4nglich zur\u00fcckweisen und ggf. Gegenklage wegen Verletzung vorgenannter Bestimmungen einreichen.<\/p>\n<p>Sofern innerhalb des Internetangebotes die M\u00f6glichkeit zur Eingabe pers\u00f6nlicher oder gesch\u00e4ftlicher Daten (Emailadressen, Namen, Anschriften) besteht, so erfolgt die Preisgabe dieser Daten seitens des Nutzers auf ausdr\u00fccklich freiwilliger Basis. Die erhobenen Daten werden vom Betreiber streng vertraulich behandelt und nicht an Dritte weitergegeben.<\/p>\n\t\t\t\t\t\t\t\t<\/div>\n\t\t\t\t<\/div>\n\t\t\t\t<\/div>\n\t\t\t\t<\/div>\n\t\t\t\t<\/div>\n\t\t\t\t<\/div>\n\t\t\t\t\t\t<\/div>\n\t\t\t\t<\/div>\n\t\t\t\t\t<\/div>\n\t\t<\/div>\n\t\t\t\t\t<\/div>\n\t\t<\/section>\n\t\t\t\t<\/div>\n\t\t","protected":false},"excerpt":{"rendered":"<p>Impressum Body Health Center Impressum Gesch\u00e4ftsf\u00fchrer: Konstantinos Georgilakis Fachlicher Leiter: Konstantinos Georgilakis Leitender Physiotherapeut: Christos Lazaridis Verwaltung: Lula Skoutarianou Amtsgericht Charlottenburg Berlin, HRB 173162 Umsatzsteuer-ID: DE 304625829 Body Health Rehazentrum GmbH Telefon: +49 30 23 94 53 72 Fax: +49 30 23 94 53 73 Kleiststra\u00dfe 23 \u2013 26, 10787 Berlin E-Mail: info@bodyhealthcenter.de Bilder: \u00a9 [&hellip;]<\/p>\n","protected":false},"author":1,"featured_media":0,"parent":0,"menu_order":0,"comment_status":"closed","ping_status":"closed","template":"","meta":{"_acf_changed":false,"footnotes":""},"categories":[],"class_list":["post-30614","page","type-page","status-publish","hentry"],"acf":[],"yoast_head":"<!-- This site is optimized with the Yoast SEO plugin v27.2 - https:\/\/yoast.com\/product\/yoast-seo-wordpress\/ -->\n<title>\u0628\u0635\u0645\u0629 - Body Health Center<\/title>\n<meta name=\"robots\" content=\"index, follow, max-snippet:-1, max-image-preview:large, max-video-preview:-1\" \/>\n<link rel=\"canonical\" href=\"https:\/\/bodyhealthcenter.de\/ar\/%d8%a8%d8%b5%d9%85%d8%a9\/\" \/>\n<meta property=\"og:locale\" content=\"ar_AR\" \/>\n<meta property=\"og:type\" content=\"article\" \/>\n<meta property=\"og:title\" content=\"\u0628\u0635\u0645\u0629 - Body Health Center\" \/>\n<meta property=\"og:description\" content=\"Impressum Body Health Center Impressum Gesch\u00e4ftsf\u00fchrer: Konstantinos Georgilakis Fachlicher Leiter: Konstantinos Georgilakis Leitender Physiotherapeut: Christos Lazaridis Verwaltung: Lula Skoutarianou Amtsgericht Charlottenburg Berlin, HRB 173162 Umsatzsteuer-ID: DE 304625829 Body Health Rehazentrum GmbH Telefon: +49 30 23 94 53 72 Fax: +49 30 23 94 53 73 Kleiststra\u00dfe 23 \u2013 26, 10787 Berlin E-Mail: info@bodyhealthcenter.de Bilder: \u00a9 [&hellip;]\" \/>\n<meta property=\"og:url\" content=\"https:\/\/bodyhealthcenter.de\/ar\/%d8%a8%d8%b5%d9%85%d8%a9\/\" \/>\n<meta property=\"og:site_name\" content=\"Body Health Center\" \/>\n<meta property=\"article:publisher\" content=\"https:\/\/www.facebook.com\/bodyhealthcenterberlin\/\" \/>\n<meta property=\"article:modified_time\" content=\"2022-05-27T13:44:29+00:00\" \/>\n<meta property=\"og:image\" content=\"https:\/\/bodyhealthcenter.de\/wp-content\/uploads\/2022\/05\/bhc_physiotherapie_empfang2_1500.jpg\" \/>\n\t<meta property=\"og:image:width\" content=\"1500\" \/>\n\t<meta property=\"og:image:height\" content=\"999\" \/>\n\t<meta property=\"og:image:type\" content=\"image\/jpeg\" \/>\n<meta name=\"twitter:card\" content=\"summary_large_image\" \/>\n<meta name=\"twitter:label1\" content=\"\u0648\u0642\u062a \u0627\u0644\u0642\u0631\u0627\u0621\u0629 \u0627\u0644\u0645\u064f\u0642\u062f\u0651\u0631\" \/>\n\t<meta name=\"twitter:data1\" content=\"\u062f\u0642\u064a\u0642\u062a\u0627\u0646\" \/>\n<script type=\"application\/ld+json\" class=\"yoast-schema-graph\">{\"@context\":\"https:\/\/schema.org\",\"@graph\":[{\"@type\":\"WebPage\",\"@id\":\"https:\/\/bodyhealthcenter.de\/ar\/%d8%a8%d8%b5%d9%85%d8%a9\/\",\"url\":\"https:\/\/bodyhealthcenter.de\/ar\/%d8%a8%d8%b5%d9%85%d8%a9\/\",\"name\":\"\u0628\u0635\u0645\u0629 - Body Health Center\",\"isPartOf\":{\"@id\":\"https:\/\/bodyhealthcenter.de\/ar\/#website\"},\"datePublished\":\"2021-04-14T18:55:54+00:00\",\"dateModified\":\"2022-05-27T13:44:29+00:00\",\"breadcrumb\":{\"@id\":\"https:\/\/bodyhealthcenter.de\/ar\/%d8%a8%d8%b5%d9%85%d8%a9\/#breadcrumb\"},\"inLanguage\":\"ar\",\"potentialAction\":[{\"@type\":\"ReadAction\",\"target\":[\"https:\/\/bodyhealthcenter.de\/ar\/%d8%a8%d8%b5%d9%85%d8%a9\/\"]}]},{\"@type\":\"BreadcrumbList\",\"@id\":\"https:\/\/bodyhealthcenter.de\/ar\/%d8%a8%d8%b5%d9%85%d8%a9\/#breadcrumb\",\"itemListElement\":[{\"@type\":\"ListItem\",\"position\":1,\"name\":\"Startseite\",\"item\":\"https:\/\/bodyhealthcenter.de\/ar\/\"},{\"@type\":\"ListItem\",\"position\":2,\"name\":\"\u0628\u0635\u0645\u0629\"}]},{\"@type\":\"WebSite\",\"@id\":\"https:\/\/bodyhealthcenter.de\/ar\/#website\",\"url\":\"https:\/\/bodyhealthcenter.de\/ar\/\",\"name\":\"Body Health Center\",\"description\":\"Ihr Center f\u00fcr Physiotherapie und Rehasport am Wittenbergplatz Berlin.\",\"publisher\":{\"@id\":\"https:\/\/bodyhealthcenter.de\/ar\/#organization\"},\"potentialAction\":[{\"@type\":\"SearchAction\",\"target\":{\"@type\":\"EntryPoint\",\"urlTemplate\":\"https:\/\/bodyhealthcenter.de\/ar\/?s={search_term_string}\"},\"query-input\":{\"@type\":\"PropertyValueSpecification\",\"valueRequired\":true,\"valueName\":\"search_term_string\"}}],\"inLanguage\":\"ar\"},{\"@type\":\"Organization\",\"@id\":\"https:\/\/bodyhealthcenter.de\/ar\/#organization\",\"name\":\"Body Health Center\",\"url\":\"https:\/\/bodyhealthcenter.de\/ar\/\",\"logo\":{\"@type\":\"ImageObject\",\"inLanguage\":\"ar\",\"@id\":\"https:\/\/bodyhealthcenter.de\/ar\/#\/schema\/logo\/image\/\",\"url\":\"https:\/\/bodyhealthcenter.de\/wp-content\/uploads\/2021\/04\/BHC-Logo-CMYK.svg\",\"contentUrl\":\"https:\/\/bodyhealthcenter.de\/wp-content\/uploads\/2021\/04\/BHC-Logo-CMYK.svg\",\"width\":436,\"height\":437,\"caption\":\"Body Health Center\"},\"image\":{\"@id\":\"https:\/\/bodyhealthcenter.de\/ar\/#\/schema\/logo\/image\/\"},\"sameAs\":[\"https:\/\/www.facebook.com\/bodyhealthcenterberlin\/\",\"https:\/\/www.instagram.com\/body_health_center_berlin\/\",\"https:\/\/www.linkedin.com\/company\/body-health-center-berlin\/\",\"https:\/\/www.youtube.com\/channel\/UCJXldnF5kLXyCYiJ4w2zmIg\"]}]}<\/script>\n<!-- \/ Yoast SEO plugin. -->","yoast_head_json":{"title":"\u0628\u0635\u0645\u0629 - Body Health Center","robots":{"index":"index","follow":"follow","max-snippet":"max-snippet:-1","max-image-preview":"max-image-preview:large","max-video-preview":"max-video-preview:-1"},"canonical":"https:\/\/bodyhealthcenter.de\/ar\/%d8%a8%d8%b5%d9%85%d8%a9\/","og_locale":"ar_AR","og_type":"article","og_title":"\u0628\u0635\u0645\u0629 - Body Health Center","og_description":"Impressum Body Health Center Impressum Gesch\u00e4ftsf\u00fchrer: Konstantinos Georgilakis Fachlicher Leiter: Konstantinos Georgilakis Leitender Physiotherapeut: Christos Lazaridis Verwaltung: Lula Skoutarianou Amtsgericht Charlottenburg Berlin, HRB 173162 Umsatzsteuer-ID: DE 304625829 Body Health Rehazentrum GmbH Telefon: +49 30 23 94 53 72 Fax: +49 30 23 94 53 73 Kleiststra\u00dfe 23 \u2013 26, 10787 Berlin E-Mail: info@bodyhealthcenter.de Bilder: \u00a9 [&hellip;]","og_url":"https:\/\/bodyhealthcenter.de\/ar\/%d8%a8%d8%b5%d9%85%d8%a9\/","og_site_name":"Body Health Center","article_publisher":"https:\/\/www.facebook.com\/bodyhealthcenterberlin\/","article_modified_time":"2022-05-27T13:44:29+00:00","og_image":[{"width":1500,"height":999,"url":"https:\/\/bodyhealthcenter.de\/wp-content\/uploads\/2022\/05\/bhc_physiotherapie_empfang2_1500.jpg","type":"image\/jpeg"}],"twitter_card":"summary_large_image","twitter_misc":{"\u0648\u0642\u062a \u0627\u0644\u0642\u0631\u0627\u0621\u0629 \u0627\u0644\u0645\u064f\u0642\u062f\u0651\u0631":"\u062f\u0642\u064a\u0642\u062a\u0627\u0646"},"schema":{"@context":"https:\/\/schema.org","@graph":[{"@type":"WebPage","@id":"https:\/\/bodyhealthcenter.de\/ar\/%d8%a8%d8%b5%d9%85%d8%a9\/","url":"https:\/\/bodyhealthcenter.de\/ar\/%d8%a8%d8%b5%d9%85%d8%a9\/","name":"\u0628\u0635\u0645\u0629 - Body Health Center","isPartOf":{"@id":"https:\/\/bodyhealthcenter.de\/ar\/#website"},"datePublished":"2021-04-14T18:55:54+00:00","dateModified":"2022-05-27T13:44:29+00:00","breadcrumb":{"@id":"https:\/\/bodyhealthcenter.de\/ar\/%d8%a8%d8%b5%d9%85%d8%a9\/#breadcrumb"},"inLanguage":"ar","potentialAction":[{"@type":"ReadAction","target":["https:\/\/bodyhealthcenter.de\/ar\/%d8%a8%d8%b5%d9%85%d8%a9\/"]}]},{"@type":"BreadcrumbList","@id":"https:\/\/bodyhealthcenter.de\/ar\/%d8%a8%d8%b5%d9%85%d8%a9\/#breadcrumb","itemListElement":[{"@type":"ListItem","position":1,"name":"Startseite","item":"https:\/\/bodyhealthcenter.de\/ar\/"},{"@type":"ListItem","position":2,"name":"\u0628\u0635\u0645\u0629"}]},{"@type":"WebSite","@id":"https:\/\/bodyhealthcenter.de\/ar\/#website","url":"https:\/\/bodyhealthcenter.de\/ar\/","name":"Body Health Center","description":"Ihr Center f\u00fcr Physiotherapie und Rehasport am Wittenbergplatz Berlin.","publisher":{"@id":"https:\/\/bodyhealthcenter.de\/ar\/#organization"},"potentialAction":[{"@type":"SearchAction","target":{"@type":"EntryPoint","urlTemplate":"https:\/\/bodyhealthcenter.de\/ar\/?s={search_term_string}"},"query-input":{"@type":"PropertyValueSpecification","valueRequired":true,"valueName":"search_term_string"}}],"inLanguage":"ar"},{"@type":"Organization","@id":"https:\/\/bodyhealthcenter.de\/ar\/#organization","name":"Body Health Center","url":"https:\/\/bodyhealthcenter.de\/ar\/","logo":{"@type":"ImageObject","inLanguage":"ar","@id":"https:\/\/bodyhealthcenter.de\/ar\/#\/schema\/logo\/image\/","url":"https:\/\/bodyhealthcenter.de\/wp-content\/uploads\/2021\/04\/BHC-Logo-CMYK.svg","contentUrl":"https:\/\/bodyhealthcenter.de\/wp-content\/uploads\/2021\/04\/BHC-Logo-CMYK.svg","width":436,"height":437,"caption":"Body Health Center"},"image":{"@id":"https:\/\/bodyhealthcenter.de\/ar\/#\/schema\/logo\/image\/"},"sameAs":["https:\/\/www.facebook.com\/bodyhealthcenterberlin\/","https:\/\/www.instagram.com\/body_health_center_berlin\/","https:\/\/www.linkedin.com\/company\/body-health-center-berlin\/","https:\/\/www.youtube.com\/channel\/UCJXldnF5kLXyCYiJ4w2zmIg"]}]}},"_links":{"self":[{"href":"https:\/\/bodyhealthcenter.de\/ar\/wp-json\/wp\/v2\/pages\/30614","targetHints":{"allow":["GET"]}}],"collection":[{"href":"https:\/\/bodyhealthcenter.de\/ar\/wp-json\/wp\/v2\/pages"}],"about":[{"href":"https:\/\/bodyhealthcenter.de\/ar\/wp-json\/wp\/v2\/types\/page"}],"author":[{"embeddable":true,"href":"https:\/\/bodyhealthcenter.de\/ar\/wp-json\/wp\/v2\/users\/1"}],"replies":[{"embeddable":true,"href":"https:\/\/bodyhealthcenter.de\/ar\/wp-json\/wp\/v2\/comments?post=30614"}],"version-history":[{"count":0,"href":"https:\/\/bodyhealthcenter.de\/ar\/wp-json\/wp\/v2\/pages\/30614\/revisions"}],"wp:attachment":[{"href":"https:\/\/bodyhealthcenter.de\/ar\/wp-json\/wp\/v2\/media?parent=30614"}],"wp:term":[{"taxonomy":"category","embeddable":true,"href":"https:\/\/bodyhealthcenter.de\/ar\/wp-json\/wp\/v2\/categories?post=30614"}],"curies":[{"name":"wp","href":"https:\/\/api.w.org\/{rel}","templated":true}]}}